{"id":1454,"date":"2023-10-25T18:08:14","date_gmt":"2023-10-25T18:08:14","guid":{"rendered":"https:\/\/escuela.pl\/?page_id=1454"},"modified":"2023-12-17T15:01:57","modified_gmt":"2023-12-17T15:01:57","slug":"projekt-bohaterowie-wykleci-konkurs-warszawa","status":"publish","type":"page","link":"https:\/\/escuela.pl\/index.php\/projekt-bohaterowie-wykleci-konkurs-warszawa\/","title":{"rendered":"Projekt &#8211; Bohaterowie Wykleci konkurs Warszawa"},"content":{"rendered":"\t\t<div data-elementor-type=\"wp-page\" data-elementor-id=\"1454\" class=\"elementor elementor-1454\">\n\t\t\t\t\t\t<section class=\"elementor-section elementor-top-section elementor-element elementor-element-1f0d95a elementor-section-boxed elementor-section-height-default elementor-section-height-default\" data-id=\"1f0d95a\" data-element_type=\"section\">\n\t\t\t\t\t\t<div class=\"elementor-container elementor-column-gap-default\">\n\t\t\t\t\t<div class=\"elementor-column elementor-col-100 elementor-top-column elementor-element elementor-element-2260229\" data-id=\"2260229\" data-element_type=\"column\">\n\t\t\t<div class=\"elementor-widget-wrap elementor-element-populated\">\n\t\t\t\t\t\t<div class=\"elementor-element elementor-element-f36ff88 elementor-widget elementor-widget-heading\" data-id=\"f36ff88\" data-element_type=\"widget\" data-widget_type=\"heading.default\">\n\t\t\t\t<div class=\"elementor-widget-container\">\n\t\t\t\t\t<h2 class=\"elementor-heading-title elementor-size-default\"><a href=\"https:\/\/docs.google.com\/forms\/d\/e\/1FAIpQLSdovBi4on911ZYO87WDsy5jJf6OHMhiVvRJ_KlXOoGBgWB3xQ\/viewform\">Link do drugiego testu konkursowego znajduje si\u0119 poni\u017cej:<br>https:\/\/docs.google.com\/forms\/d\/e\/1FAIpQLSdovBi4on911ZYO87WDsy5jJf6OHMhiVvRJ_KlXOoGBgWB3xQ\/viewform<br><br>Pami\u0119taj. Losowanie dw\u00f3ch bon\u00f3w allegro o warto\u015bci 100 z\u0142 ju\u017c 22 grudnia.<br><br><br>Projekt \"Dumni z Bohater\u00f3w Wykl\u0119tych - edukacja patriotyczna w dru\u017cynach harcerskich i szko\u0142ach\" finansuje m.st. Warszawa<\/a><\/h2>\t\t\t\t<\/div>\n\t\t\t\t<\/div>\n\t\t\t\t\t<\/div>\n\t\t<\/div>\n\t\t\t\t\t<\/div>\n\t\t<\/section>\n\t\t\t\t<section class=\"elementor-section elementor-top-section elementor-element elementor-element-b2175b5 elementor-section-boxed elementor-section-height-default elementor-section-height-default\" data-id=\"b2175b5\" data-element_type=\"section\">\n\t\t\t\t\t\t<div class=\"elementor-container elementor-column-gap-default\">\n\t\t\t\t\t<div class=\"elementor-column elementor-col-33 elementor-top-column elementor-element elementor-element-bcbe4c2\" data-id=\"bcbe4c2\" data-element_type=\"column\">\n\t\t\t<div class=\"elementor-widget-wrap elementor-element-populated\">\n\t\t\t\t\t\t<div class=\"elementor-element elementor-element-bdbed97 elementor-widget elementor-widget-image\" data-id=\"bdbed97\" data-element_type=\"widget\" data-widget_type=\"image.default\">\n\t\t\t\t<div class=\"elementor-widget-container\">\n\t\t\t\t\t\t\t\t\t\t\t\t\t\t\t<img fetchpriority=\"high\" decoding=\"async\" width=\"782\" height=\"630\" src=\"https:\/\/escuela.pl\/wp-content\/uploads\/2023\/12\/Wawa-wola-logo.png\" class=\"attachment-large size-large wp-image-1478\" alt=\"\" srcset=\"https:\/\/escuela.pl\/wp-content\/uploads\/2023\/12\/Wawa-wola-logo.png 782w, https:\/\/escuela.pl\/wp-content\/uploads\/2023\/12\/Wawa-wola-logo-300x242.png 300w, https:\/\/escuela.pl\/wp-content\/uploads\/2023\/12\/Wawa-wola-logo-768x619.png 768w\" sizes=\"(max-width: 782px) 100vw, 782px\" \/>\t\t\t\t\t\t\t\t\t\t\t\t\t\t\t<\/div>\n\t\t\t\t<\/div>\n\t\t\t\t\t<\/div>\n\t\t<\/div>\n\t\t\t\t<div class=\"elementor-column elementor-col-33 elementor-top-column elementor-element elementor-element-80adb94\" data-id=\"80adb94\" data-element_type=\"column\">\n\t\t\t<div class=\"elementor-widget-wrap\">\n\t\t\t\t\t\t\t<\/div>\n\t\t<\/div>\n\t\t\t\t<div class=\"elementor-column elementor-col-33 elementor-top-column elementor-element elementor-element-e23dfe9\" data-id=\"e23dfe9\" data-element_type=\"column\">\n\t\t\t<div class=\"elementor-widget-wrap\">\n\t\t\t\t\t\t\t<\/div>\n\t\t<\/div>\n\t\t\t\t\t<\/div>\n\t\t<\/section>\n\t\t\t\t<\/div>\n\t\t","protected":false},"excerpt":{"rendered":"<p>Link do drugiego testu konkursowego znajduje si\u0119 poni\u017cej:https:\/\/docs.google.com\/forms\/d\/e\/1FAIpQLSdovBi4on911ZYO87WDsy5jJf6OHMhiVvRJ_KlXOoGBgWB3xQ\/viewform Pami\u0119taj. Losowanie dw\u00f3ch bon\u00f3w allegro o warto\u015bci 100 z\u0142 ju\u017c 22 grudnia. Projekt &#8222;Dumni z Bohater\u00f3w Wykl\u0119tych &#8211; edukacja patriotyczna w dru\u017cynach harcerskich i szko\u0142ach&#8221; finansuje m.st. Warszawa<\/p>\n","protected":false},"author":1,"featured_media":0,"parent":0,"menu_order":0,"comment_status":"closed","ping_status":"closed","template":"","meta":{"om_disable_all_campaigns":false,"_monsterinsights_skip_tracking":false,"_monsterinsights_sitenote_active":false,"_monsterinsights_sitenote_note":"","_monsterinsights_sitenote_category":0,"ocean_post_layout":"full-screen","ocean_both_sidebars_style":"","ocean_both_sidebars_content_width":0,"ocean_both_sidebars_sidebars_width":0,"ocean_sidebar":"0","ocean_second_sidebar":"0","ocean_disable_margins":"enable","ocean_add_body_class":"","ocean_shortcode_before_top_bar":"","ocean_shortcode_after_top_bar":"","ocean_shortcode_before_header":"","ocean_shortcode_after_header":"","ocean_has_shortcode":"","ocean_shortcode_after_title":"","ocean_shortcode_before_footer_widgets":"","ocean_shortcode_after_footer_widgets":"","ocean_shortcode_before_footer_bottom":"","ocean_shortcode_after_footer_bottom":"","ocean_display_top_bar":"off","ocean_display_header":"default","ocean_header_style":"","ocean_center_header_left_menu":"0","ocean_custom_header_template":"0","ocean_custom_logo":0,"ocean_custom_retina_logo":0,"ocean_custom_logo_max_width":0,"ocean_custom_logo_tablet_max_width":0,"ocean_custom_logo_mobile_max_width":0,"ocean_custom_logo_max_height":0,"ocean_custom_logo_tablet_max_height":0,"ocean_custom_logo_mobile_max_height":0,"ocean_header_custom_menu":"0","ocean_menu_typo_font_family":"0","ocean_menu_typo_font_subset":"","ocean_menu_typo_font_size":0,"ocean_menu_typo_font_size_tablet":0,"ocean_menu_typo_font_size_mobile":0,"ocean_menu_typo_font_size_unit":"px","ocean_menu_typo_font_weight":"","ocean_menu_typo_font_weight_tablet":"","ocean_menu_typo_font_weight_mobile":"","ocean_menu_typo_transform":"","ocean_menu_typo_transform_tablet":"","ocean_menu_typo_transform_mobile":"","ocean_menu_typo_line_height":0,"ocean_menu_typo_line_height_tablet":0,"ocean_menu_typo_line_height_mobile":0,"ocean_menu_typo_line_height_unit":"","ocean_menu_typo_spacing":0,"ocean_menu_typo_spacing_tablet":0,"ocean_menu_typo_spacing_mobile":0,"ocean_menu_typo_spacing_unit":"","ocean_menu_link_color":"","ocean_menu_link_color_hover":"","ocean_menu_link_color_active":"","ocean_menu_link_background":"","ocean_menu_link_hover_background":"","ocean_menu_link_active_background":"","ocean_menu_social_links_bg":"","ocean_menu_social_hover_links_bg":"","ocean_menu_social_links_color":"","ocean_menu_social_hover_links_color":"","ocean_disable_title":"on","ocean_disable_heading":"default","ocean_post_title":"","ocean_post_subheading":"","ocean_post_title_style":"","ocean_post_title_background_color":"","ocean_post_title_background":0,"ocean_post_title_bg_image_position":"","ocean_post_title_bg_image_attachment":"","ocean_post_title_bg_image_repeat":"","ocean_post_title_bg_image_size":"","ocean_post_title_height":0,"ocean_post_title_bg_overlay":0.5,"ocean_post_title_bg_overlay_color":"","ocean_disable_breadcrumbs":"default","ocean_breadcrumbs_color":"","ocean_breadcrumbs_separator_color":"","ocean_breadcrumbs_links_color":"","ocean_breadcrumbs_links_hover_color":"","ocean_display_footer_widgets":"off","ocean_display_footer_bottom":"off","ocean_custom_footer_template":"0","footnotes":""},"class_list":["post-1454","page","type-page","status-publish","hentry","entry"],"_links":{"self":[{"href":"https:\/\/escuela.pl\/index.php\/wp-json\/wp\/v2\/pages\/1454","targetHints":{"allow":["GET"]}}],"collection":[{"href":"https:\/\/escuela.pl\/index.php\/wp-json\/wp\/v2\/pages"}],"about":[{"href":"https:\/\/escuela.pl\/index.php\/wp-json\/wp\/v2\/types\/page"}],"author":[{"embeddable":true,"href":"https:\/\/escuela.pl\/index.php\/wp-json\/wp\/v2\/users\/1"}],"replies":[{"embeddable":true,"href":"https:\/\/escuela.pl\/index.php\/wp-json\/wp\/v2\/comments?post=1454"}],"version-history":[{"count":10,"href":"https:\/\/escuela.pl\/index.php\/wp-json\/wp\/v2\/pages\/1454\/revisions"}],"predecessor-version":[{"id":1481,"href":"https:\/\/escuela.pl\/index.php\/wp-json\/wp\/v2\/pages\/1454\/revisions\/1481"}],"wp:attachment":[{"href":"https:\/\/escuela.pl\/index.php\/wp-json\/wp\/v2\/media?parent=1454"}],"curies":[{"name":"wp","href":"https:\/\/api.w.org\/{rel}","templated":true}]}}